{"id":71,"date":"2024-02-05T13:50:41","date_gmt":"2024-02-05T12:50:41","guid":{"rendered":"http:\/\/oliviersurel.com\/index.php\/mesmerize\/"},"modified":"2024-03-07T21:05:51","modified_gmt":"2024-03-07T20:05:51","slug":"mesmerize","status":"publish","type":"page","link":"https:\/\/oliviersurel.com\/","title":{"rendered":"Sous Les Feuilles d&rsquo;Amazonie &#8211; Olivier Surel"},"content":{"rendered":"<div  data-label=\"quatrieme de couverture\" data-id=\"about--1\" data-export-id=\"about-6\" data-category=\"about\" class=\"about-6 content-section content-section-spacing content-relative\" id=\"quatrieme-de-couverture\" style=\"background-color: rgba(255, 255, 255, 0); background-image: none;\"><div  class=\"gridContainer\"> <div  class=\"row middle-sm text-center\"><div  class=\"col-sm-6 space-bottom-xs\" data-type=\"column\">  <h2  class=\"\" style=\"text-align: left;\"><span  style=\"font-family: &quot;Playfair Display&quot;, arial, helvetica, sans-serif; font-weight: 600; color: rgb(27, 65, 49);\" href=\"#\">Quatri\u00e8me de couverture<\/span><span  id=\"_mce_caret\" data-mce-bogus=\"1\" data-mce-type=\"format-caret\">\ufeff<\/span><span  id=\"_mce_caret\" data-mce-bogus=\"1\" data-mce-type=\"format-caret\"><span  style=\"font-weight: 600; color: rgb(27, 65, 49);\">\ufeff<\/span><\/span><\/h2> <p  class=\"\" style=\"text-align: left;\">Enfin, Julien prend le large! Loin\u2026 pour l\u2019Am\u00e9rique du Sud.<br >\nIl s\u2019envole vers la Guyane et la plus grande for\u00eat tropicale du monde.\n<br ><br >L\u2019\u00e9merveillement de cette terre aux mille facettes le berce. Il se laisse aller au gr\u00e9 des rencontres et d\u00e9couvre\u2026<br >\nQuand un \u00e9v\u00e8nement singulier en pleine sylve lui ouvre les portes d\u2019un nouvel univers.\n<br ><br >Moiteur, superstition et orpaillage se m\u00ealent \u00e0 la magie de ces vastes \u00e9tendues vertes gorg\u00e9es d\u2019eau. Dans un dangereux engrenage, il s\u2019engage avec ses acolytes pur jus, en territoire \u00e9trange.<\/p> <\/div> <div  class=\"col-sm-6 image-group-right-3 space-bottom-xs\"><div  class=\"top-media\"> <a  data-cp-link=\"1\" href=\"#\"><img  decoding=\"async\" class=\"shadow-large\" data-size=\"350x250\" src=\"https:\/\/oliviersurel.com\/wp-content\/uploads\/2024\/01\/cropped-cropped-orpailleurs-pirogue-scaled-1.jpg\" title=\"orpailleurs-pirogue\" alt=\"\"><\/a><\/div> <div  class=\"bottom-media\"> <img  decoding=\"async\" class=\"shadow-large\" data-size=\"350x250\" src=\"https:\/\/oliviersurel.com\/wp-content\/uploads\/2024\/01\/cropped-cropped-hommes-travaillant-sur-le-fleuve-scaled-1.jpg\" title=\"hommes travaillant sur le fleuve\" alt=\"\"><\/div> <div  class=\"left-media\"> <img  decoding=\"async\" class=\"shadow-large\" data-size=\"350x400\" src=\"https:\/\/oliviersurel.com\/wp-content\/uploads\/2024\/01\/cropped-ile-amazonie-scaled-2.jpg\" title=\"ile-amazonie\" alt=\"\"> <div  class=\"offset-double-border-overlay\"> <div  class=\"border-1 shadow-small\"><\/div> <div  class=\"border-2\"><\/div><\/div> <\/div><\/div> <\/div><\/div> <\/div><div data-label=\"Cta\" data-id=\"cta--2\" data-export-id=\"cta-centered-bg-section\" data-category=\"cta\" data-section-ov=\"1\" class=\"cta-centered-bg-section content-section content-section-spacing-medium white-text\" data-parallax-depth=\"20\" id=\"cta-1\"  style=\"background-color: rgb(245, 250, 253); background-size: cover; background-position: center top;\"><div class=\"\" > <div class=\"row text-center\" ><div data-type=\"column\" class=\"\" > <h2 class=\"\" ><span style=\"color: rgb(27, 65, 49); font-family: &quot;Playfair Display&quot;, arial, helvetica, sans-serif; font-weight: 700;\" >A Nice, chez votre libraire<\/span><\/h2> <a data-cp-link=\"1\" href=\"https:\/\/www.librairiemassena.com\" class=\"\" target=\"_blank\" rel=\"noopener\"><img decoding=\"async\"  class=\"custom-image\" src=\"https:\/\/oliviersurel.com\/wp-content\/uploads\/2024\/03\/cropped-cropped-LogoMassena2022.jpg\" title=\"cropped-cropped-LogoMassena2022.jpg\" alt=\"\"><\/a><\/div> <\/div><\/div> <\/div><div  data-label=\"cta\" data-id=\"cta--1\" data-export-id=\"cta-centered-section-grid\" data-category=\"cta\" class=\"cta-centered-section-grid content-section content-section-spacing-medium bg-color1 content-relative white-text\" id=\"cta\" style=\"background-image: none; background-color: rgb(27, 65, 49);\" data-section-ov=\"1\"><div  class=\"\"> <div  class=\"row text-center\"><div  class=\"col-xs-12 col-sm-10 col-sm-offset-1 col-md-8 col-md-offset-2\" data-type=\"column\"> <h2  class=\"\">Disponible \u00e9galement<\/h2>  <a class=\"button big color2\" href=\"https:\/\/www.editions-spinelle.com\/index.php\/litterature\/litterature-generale\/romans\/es-sous-les-feuilles-d-amazonie\" target=\"_self\" data-cp-link=\"1\" data-icon=\"\" rel=\"noopener\">SUR EDITONS SPINELLE<\/a><a class=\"button big color2\" href=\"https:\/\/www.fnac.com\/a19539036\/Olivier-Surel-Sous-les-feuilles-d-Amazonie\" target=\"_self\" data-cp-link=\"1\" data-icon=\"\" rel=\"noopener\">SUR FNAC.COM<\/a><\/div> <\/div><\/div> <\/div><div  data-label=\"autour du lire\" data-id=\"latest_news--1\" data-export-id=\"blog-section-mc\" data-category=\"latest_news\" class=\"blog-section-mc blog-section-standard content-section content-section-spacing\" id=\"autour-du-lire\" style=\"background-color: rgb(255, 255, 255); background-image: none;\"><div  class=\"gridContainer\"> <div  class=\"row\"><div  data-type=\"column\" class=\"section-title-col\">  <h2  class=\"\"><span  style=\"font-family: &quot;Playfair Display&quot;, arial, helvetica, sans-serif; font-weight: 700; color: rgb(27, 65, 49);\">Autour du livre<\/span><\/h2> <\/div> <\/div> <div  class=\"row\"> <div  data-type=\"row\" data-dynamic-columns=\"handled\" data-content-shortcode=\"mesmerize_latest_news posts=&quot;3&quot; columns=&quot;6&quot; \">\t\t<div class=\"row center-sm content-left-sm\">\n\t\t\t\t\t<div id=\"post-321\" class=\"col-sm-6 col-md-6 space-bottom space-bottom-xs\">\n\t\t\t\t<div class=\"post-content card y-move bordered\">\n\t\t\t\t\t<div class=\"post-thumbnail\">\n   <a href=\"https:\/\/oliviersurel.com\/index.php\/2024\/03\/07\/tapanahoni-river-suriname\/\" class=\"post-list-item-thumb \">\n      <img loading=\"lazy\" decoding=\"async\" width=\"1024\" height=\"732\" src=\"https:\/\/oliviersurel.com\/wp-content\/uploads\/2024\/01\/cropped-cropped-hommes-travaillant-sur-le-fleuve-scaled-1-1024x732.jpg\" class=\"attachment-post-thumbnail size-post-thumbnail wp-post-image\" alt=\"\" srcset=\"https:\/\/oliviersurel.com\/wp-content\/uploads\/2024\/01\/cropped-cropped-hommes-travaillant-sur-le-fleuve-scaled-1-1024x732.jpg 1024w, https:\/\/oliviersurel.com\/wp-content\/uploads\/2024\/01\/cropped-cropped-hommes-travaillant-sur-le-fleuve-scaled-1-300x215.jpg 300w, https:\/\/oliviersurel.com\/wp-content\/uploads\/2024\/01\/cropped-cropped-hommes-travaillant-sur-le-fleuve-scaled-1-768x549.jpg 768w, https:\/\/oliviersurel.com\/wp-content\/uploads\/2024\/01\/cropped-cropped-hommes-travaillant-sur-le-fleuve-scaled-1-1536x1098.jpg 1536w, https:\/\/oliviersurel.com\/wp-content\/uploads\/2024\/01\/cropped-cropped-hommes-travaillant-sur-le-fleuve-scaled-1-2048x1464.jpg 2048w, https:\/\/oliviersurel.com\/wp-content\/uploads\/2024\/01\/cropped-cropped-hommes-travaillant-sur-le-fleuve-scaled-1-1510x1080.jpg 1510w\" sizes=\"auto, (max-width: 1024px) 100vw, 1024px\" \/>   <\/a>\n<\/div>\n\t\t\t\t\t<div class=\"col-padding col-padding-xs\">\n\t\t\t\t\t\t<h3 class=\"post-title space-bottom-small\">\n\t\t\t\t\t\t\t<a href=\"https:\/\/oliviersurel.com\/index.php\/2024\/03\/07\/tapanahoni-river-suriname\/\" rel=\"bookmark\">\n\t\t\t\t\t\t\t\tTapanahoni river, Suriname\t\t\t\t\t\t\t<\/a>\n\t\t\t\t\t\t<\/h3>\n\t\t\t\t\t\t<p>Bosso bosso, notre chef piroguier\u2026Je me souviens\u2026 une halte dans une petite crique quelque-part sur la rivi\u00e8re Tapanahoni. Nous avons bifurqu\u00e9 vers le Suriname \u00e0 Grand Santi. Dans une eau[&hellip;]<\/p>\n\t\t\t\t\t\t<a class=\"read-more link\" href=\"https:\/\/oliviersurel.com\/index.php\/2024\/03\/07\/tapanahoni-river-suriname\/\">\n\t\t\t\t\t\t\tRead more\t\t\t\t\t\t<\/a>\n\t\t\t\t\t<\/div>\n\t\t\t\t<\/div>\n\t\t\t<\/div>\n\t\t\t\t\t\t<div id=\"post-1\" class=\"col-sm-6 col-md-6 space-bottom space-bottom-xs\">\n\t\t\t\t<div class=\"post-content card y-move bordered\">\n\t\t\t\t\t<div class=\"post-thumbnail\">\n   <a href=\"https:\/\/oliviersurel.com\/index.php\/2024\/01\/29\/iles-du-salut-amazonie\/\" class=\"post-list-item-thumb \">\n      <img loading=\"lazy\" decoding=\"async\" width=\"1024\" height=\"1273\" src=\"https:\/\/oliviersurel.com\/wp-content\/uploads\/2024\/01\/iles-du-salut-1024x1273.jpg\" class=\"attachment-post-thumbnail size-post-thumbnail wp-post-image\" alt=\"iles du salut\" srcset=\"https:\/\/oliviersurel.com\/wp-content\/uploads\/2024\/01\/iles-du-salut-1024x1273.jpg 1024w, https:\/\/oliviersurel.com\/wp-content\/uploads\/2024\/01\/iles-du-salut-241x300.jpg 241w, https:\/\/oliviersurel.com\/wp-content\/uploads\/2024\/01\/iles-du-salut-824x1024.jpg 824w, https:\/\/oliviersurel.com\/wp-content\/uploads\/2024\/01\/iles-du-salut-768x955.jpg 768w, https:\/\/oliviersurel.com\/wp-content\/uploads\/2024\/01\/iles-du-salut-869x1080.jpg 869w, https:\/\/oliviersurel.com\/wp-content\/uploads\/2024\/01\/iles-du-salut.jpg 1126w\" sizes=\"auto, (max-width: 1024px) 100vw, 1024px\" \/>   <\/a>\n<\/div>\n\t\t\t\t\t<div class=\"col-padding col-padding-xs\">\n\t\t\t\t\t\t<h3 class=\"post-title space-bottom-small\">\n\t\t\t\t\t\t\t<a href=\"https:\/\/oliviersurel.com\/index.php\/2024\/01\/29\/iles-du-salut-amazonie\/\" rel=\"bookmark\">\n\t\t\t\t\t\t\t\t\u00celes du Salut, le Bagne\t\t\t\t\t\t\t<\/a>\n\t\t\t\t\t\t<\/h3>\n\t\t\t\t\t\t<p>De nouveau les Iles du salut\u2026 impressionnantes\u2026 difficile d&rsquo;imaginer qu&rsquo;elles ont constitu\u00e9 le premier camp du bagne de Guyane. En 1852, pr\u00e9s de 1000 condamn\u00e9s aux travaux forc\u00e9s foulent leur[&hellip;]<\/p>\n\t\t\t\t\t\t<a class=\"read-more link\" href=\"https:\/\/oliviersurel.com\/index.php\/2024\/01\/29\/iles-du-salut-amazonie\/\">\n\t\t\t\t\t\t\tRead more\t\t\t\t\t\t<\/a>\n\t\t\t\t\t<\/div>\n\t\t\t\t<\/div>\n\t\t\t<\/div>\n\t\t\t\t<\/div>\n\t<\/div><\/div> <div  class=\"row\"><div  class=\"text-center\"> <a  class=\"button color3\" data-attr-shortcode=\"href:mesmerize_blog_link\" href=\"https:\/\/oliviersurel.com\/?post_type=post\" data-icon=\"\">VIEW OUR BLOG<\/a><\/div> <\/div><\/div><\/div><div  data-label=\"auteur\" data-id=\"about--2\" data-export-id=\"about-10\" data-category=\"about\" class=\"about-10 content-section content-section-spacing\" id=\"auteur\" style=\"background-color: rgb(255, 255, 255); background-image: none;\"><div  class=\"gridContainer\"> <div  class=\"row middle-sm text-center\"><div  class=\"col-sm-5 space-bottom-xs content-column\" data-type=\"column\">  <h2  class=\"\"><span  style=\"font-family: &quot;Playfair Display&quot;, sans-serif; font-weight: 600; color: rgb(27, 65, 49);\" href=\"#\">L\u2019auteur<\/span><\/h2> <p  class=\"\" style=\"text-align: left;\">N\u00e9 en 1977 sur les bords de la Manche, Olivier Surel a toujours voulu d\u00e9couvrir autre chose, d\u2019autres horizons, des aventures qui le m\u00e8neraient loin de sa ville natale. Le hasard ou la providence l\u2019a dirig\u00e9 vers la Guyane, lieu d\u2019une richesse incroyable, lieu d\u2019envo\u00fbtements d\u00e9licieux.\n<br ><br >Depuis 2006, j\u2019ai trouv\u00e9 \u00e0 Nice un endroit alliant charme et authenticit\u00e9, une histoire riche et un ciel inspirant\u2026 j\u2019ai trouv\u00e9 mon foyer.<\/p> <a data-cp-link=\"1\" href=\"https:\/\/www.instagram.com\/olivier_surel\" class=\"\" target=\"_self\" rel=\"noopener\"><img  decoding=\"async\" class=\"custom-image\" src=\"https:\/\/oliviersurel.com\/wp-content\/uploads\/2024\/02\/cropped-1.png\" title=\"cropped-1.png\" alt=\"\"><\/a><\/div> <div  class=\"col-sm-7 flexbox middle-xs center-xs space-bottom-xs\"><div  class=\"overlay-box middle-xs center-xs flexbox\"> <div  class=\"overlay-box-offset offset-border shadow-medium border-color1 hide-xs\"><\/div> <img  decoding=\"async\" class=\"shadow-large\" data-size=\"485x705\" src=\"https:\/\/oliviersurel.com\/wp-content\/uploads\/2024\/02\/cropped-cropped-auteur-olivier-surel-1.jpg\" title=\"cropped-cropped-auteur-olivier-surel-1.jpg\" alt=\"Olivier Surel L'auteur\"><\/div> <\/div><\/div> <\/div><\/div><div  data-label=\"Portfolio\" data-id=\"portfolio--2\" data-export-id=\"portfolio-5-mc\" data-category=\"portfolio\" class=\"portfolio-5-mc content-section content-section-spacing section-title-col-white-text bg-color1\" id=\"portfolio-2\" style=\"background-image: none; background-color: rgb(255, 255, 255);\"><div  class=\"gridContainer\"> <div ><div  data-type=\"column\" class=\"\">  <h2  class=\"\" style=\"text-align: center;\"><font  color=\"#1b4131\" face=\"Playfair Display, arial, helvetica, sans-serif\"><b >Et aussi\u2026\n<\/b><\/font><\/h2> <\/div> <\/div> <div  class=\"row space-bottom spaced-cols center-sm\" data-type=\"row\"> <div  class=\"col-xs-12 col-sm-4 text-center\"> <div  class=\"card no-padding bordered\"> <div  data-hover-fx=\"portfolio-6\" class=\"contentswap-effect contentswap-overlay\" style=\"float: none; margin: 0; width: 100%;\"> <div  class=\"initial-image\" style=\"float: none; margin: 0;\"> <img  decoding=\"async\" data-size=\"500x333\" src=\"https:\/\/oliviersurel.com\/wp-content\/uploads\/2024\/02\/IMG_1864-removebg-preview-e1707919796565.png\"><\/div> <div  class=\"overlay bg-color6\" style=\"display: block; transition: opacity 800ms ease 0s; -webkit-transition-timing-function: ease; -moz-transition-timing-function: ease; -o-transition-timing-function: ease; transition-timing-function: ease;\"><\/div> <div  class=\"swap-inner col-xs-12\" style=\"display: block; transition: all 800ms ease 0s; background-color: rgba(0,0,0,0); margin-top: 0;\"> <div  class=\"row full-height-row middle-xs middle-sm\"> <div  class=\"col-xs-12 text-center content-holder\"> <a class=\"button small color2\" href=\"https:\/\/ile-en-ile.org\/olivier-surel-amazonie\" target=\"_self\" data-cp-link=\"1\" data-icon=\"\" rel=\"noopener\">LIRE LA PO\u00c9SIE<\/a><\/div> <\/div><\/div> <\/div> <div  class=\"col-xs-12\"> <div  class=\"space-bottom space-top\" data-type=\"column\"> <h5  class=\"\">Revue semestrielle d\u2019art et de litt\u00e9rature<\/h5> <p  class=\"small italic\"><span  style=\"font-weight: 600;\">Amazonie<\/span>, par Olivier Surel\n<br ><br >Po\u00e9sie publi\u00e9e sur Boutures \u2013 volume 2, num\u00e9ro 1<\/p><\/div> <\/div><\/div> <\/div>  <\/div> <div  class=\"row\"><div  data-type=\"column\" class=\"col-xs-12 text-center\"> <\/div> <\/div><\/div> <\/div>","protected":false},"excerpt":{"rendered":"<p>Quatri\u00e8me de couverture\ufeff\ufeff Enfin, Julien prend le large! Loin\u2026 pour l\u2019Am\u00e9rique du Sud. Il s\u2019envole vers la Guyane et la plus grande for\u00eat tropicale du monde. L\u2019\u00e9merveillement de cette terre aux mille facettes le berce. Il se laisse aller au gr\u00e9 des rencontres et d\u00e9couvre\u2026 Quand un \u00e9v\u00e8nement singulier en pleine sylve lui ouvre les&hellip; <br \/> <a class=\"read-more\" href=\"https:\/\/oliviersurel.com\/index.php\/2024\/01\/29\/iles-du-salut-amazonie\/\">Lire la suite<\/a><\/p>\n","protected":false},"author":1,"featured_media":0,"parent":0,"menu_order":0,"comment_status":"closed","ping_status":"closed","template":"page-templates\/homepage.php","meta":{"footnotes":""},"class_list":["post-71","page","type-page","status-publish","hentry"],"yoast_head":"<!-- This site is optimized with the Yoast SEO plugin v22.0 - https:\/\/yoast.com\/wordpress\/plugins\/seo\/ -->\n<title>Sous Les Feuilles d&#039;Amazonie - Olivier Surel - Olivier Surel - auteur de &quot;Sous les feuilles d&#039;Amazonie<\/title>\n<meta name=\"description\" content=\"Moiteur, superstition et orpaillage se m\u00ealent \u00e0 la magie de ces vastes \u00e9tendues vertes gorg\u00e9es d\u2019eau. D\u00e9couvrez le romain de Olivier Surel aux \u00e9ditions Spinelle.\" \/>\n<meta name=\"robots\" content=\"index, follow, max-snippet:-1, max-image-preview:large, max-video-preview:-1\" \/>\n<link rel=\"canonical\" href=\"https:\/\/oliviersurel.com\" \/>\n<meta property=\"og:locale\" content=\"fr_FR\" \/>\n<meta property=\"og:type\" content=\"article\" \/>\n<meta property=\"og:title\" content=\"Sous Les Feuilles d&#039;Amazonie - Olivier Surel - Olivier Surel - auteur de &quot;Sous les feuilles d&#039;Amazonie\" \/>\n<meta property=\"og:description\" content=\"Moiteur, superstition et orpaillage se m\u00ealent \u00e0 la magie de ces vastes \u00e9tendues vertes gorg\u00e9es d\u2019eau. D\u00e9couvrez le romain de Olivier Surel aux \u00e9ditions Spinelle.\" \/>\n<meta property=\"og:url\" content=\"https:\/\/oliviersurel.com\" \/>\n<meta property=\"og:site_name\" content=\"Olivier Surel - auteur de &quot;Sous les feuilles d&#039;Amazonie\" \/>\n<meta property=\"article:modified_time\" content=\"2024-03-07T20:05:51+00:00\" \/>\n<meta property=\"og:image\" content=\"https:\/\/oliviersurel.com\/wp-content\/uploads\/2024\/01\/cropped-cropped-orpailleurs-pirogue-scaled-1.jpg\" \/>\n<meta name=\"twitter:card\" content=\"summary_large_image\" \/>\n<meta name=\"twitter:label1\" content=\"Dur\u00e9e de lecture estim\u00e9e\" \/>\n\t<meta name=\"twitter:data1\" content=\"3 minutes\" \/>\n<script type=\"application\/ld+json\" class=\"yoast-schema-graph\">{\"@context\":\"https:\/\/schema.org\",\"@graph\":[{\"@type\":\"WebPage\",\"@id\":\"https:\/\/oliviersurel.com\/\",\"url\":\"https:\/\/oliviersurel.com\",\"name\":\"Sous Les Feuilles d'Amazonie - Olivier Surel - Olivier Surel - auteur de &quot;Sous les feuilles d&#039;Amazonie\",\"isPartOf\":{\"@id\":\"https:\/\/oliviersurel.com\/#website\"},\"datePublished\":\"2024-02-05T12:50:41+00:00\",\"dateModified\":\"2024-03-07T20:05:51+00:00\",\"description\":\"Moiteur, superstition et orpaillage se m\u00ealent \u00e0 la magie de ces vastes \u00e9tendues vertes gorg\u00e9es d\u2019eau. D\u00e9couvrez le romain de Olivier Surel aux \u00e9ditions Spinelle.\",\"breadcrumb\":{\"@id\":\"https:\/\/oliviersurel.com#breadcrumb\"},\"inLanguage\":\"fr-FR\",\"potentialAction\":[{\"@type\":\"ReadAction\",\"target\":[\"https:\/\/oliviersurel.com\"]}]},{\"@type\":\"BreadcrumbList\",\"@id\":\"https:\/\/oliviersurel.com#breadcrumb\",\"itemListElement\":[{\"@type\":\"ListItem\",\"position\":1,\"name\":\"Accueil\",\"item\":\"https:\/\/oliviersurel.com\/\"},{\"@type\":\"ListItem\",\"position\":2,\"name\":\"Sous Les Feuilles d&rsquo;Amazonie &#8211; Olivier Surel\"}]},{\"@type\":\"WebSite\",\"@id\":\"https:\/\/oliviersurel.com\/#website\",\"url\":\"https:\/\/oliviersurel.com\/\",\"name\":\"Olivier Surel - auteur de &quot;Sous les feuilles d&#039;Amazonie\",\"description\":\"Ecrivain\",\"potentialAction\":[{\"@type\":\"SearchAction\",\"target\":{\"@type\":\"EntryPoint\",\"urlTemplate\":\"https:\/\/oliviersurel.com\/?s={search_term_string}\"},\"query-input\":\"required name=search_term_string\"}],\"inLanguage\":\"fr-FR\"}]}<\/script>\n<!-- \/ Yoast SEO plugin. -->","yoast_head_json":{"title":"Sous Les Feuilles d'Amazonie - Olivier Surel - Olivier Surel - auteur de &quot;Sous les feuilles d&#039;Amazonie","description":"Moiteur, superstition et orpaillage se m\u00ealent \u00e0 la magie de ces vastes \u00e9tendues vertes gorg\u00e9es d\u2019eau. D\u00e9couvrez le romain de Olivier Surel aux \u00e9ditions Spinelle.","robots":{"index":"index","follow":"follow","max-snippet":"max-snippet:-1","max-image-preview":"max-image-preview:large","max-video-preview":"max-video-preview:-1"},"canonical":"https:\/\/oliviersurel.com","og_locale":"fr_FR","og_type":"article","og_title":"Sous Les Feuilles d'Amazonie - Olivier Surel - Olivier Surel - auteur de &quot;Sous les feuilles d&#039;Amazonie","og_description":"Moiteur, superstition et orpaillage se m\u00ealent \u00e0 la magie de ces vastes \u00e9tendues vertes gorg\u00e9es d\u2019eau. D\u00e9couvrez le romain de Olivier Surel aux \u00e9ditions Spinelle.","og_url":"https:\/\/oliviersurel.com","og_site_name":"Olivier Surel - auteur de &quot;Sous les feuilles d&#039;Amazonie","article_modified_time":"2024-03-07T20:05:51+00:00","og_image":[{"url":"https:\/\/oliviersurel.com\/wp-content\/uploads\/2024\/01\/cropped-cropped-orpailleurs-pirogue-scaled-1.jpg"}],"twitter_card":"summary_large_image","twitter_misc":{"Dur\u00e9e de lecture estim\u00e9e":"3 minutes"},"schema":{"@context":"https:\/\/schema.org","@graph":[{"@type":"WebPage","@id":"https:\/\/oliviersurel.com\/","url":"https:\/\/oliviersurel.com","name":"Sous Les Feuilles d'Amazonie - Olivier Surel - Olivier Surel - auteur de &quot;Sous les feuilles d&#039;Amazonie","isPartOf":{"@id":"https:\/\/oliviersurel.com\/#website"},"datePublished":"2024-02-05T12:50:41+00:00","dateModified":"2024-03-07T20:05:51+00:00","description":"Moiteur, superstition et orpaillage se m\u00ealent \u00e0 la magie de ces vastes \u00e9tendues vertes gorg\u00e9es d\u2019eau. D\u00e9couvrez le romain de Olivier Surel aux \u00e9ditions Spinelle.","breadcrumb":{"@id":"https:\/\/oliviersurel.com#breadcrumb"},"inLanguage":"fr-FR","potentialAction":[{"@type":"ReadAction","target":["https:\/\/oliviersurel.com"]}]},{"@type":"BreadcrumbList","@id":"https:\/\/oliviersurel.com#breadcrumb","itemListElement":[{"@type":"ListItem","position":1,"name":"Accueil","item":"https:\/\/oliviersurel.com\/"},{"@type":"ListItem","position":2,"name":"Sous Les Feuilles d&rsquo;Amazonie &#8211; Olivier Surel"}]},{"@type":"WebSite","@id":"https:\/\/oliviersurel.com\/#website","url":"https:\/\/oliviersurel.com\/","name":"Olivier Surel - auteur de &quot;Sous les feuilles d&#039;Amazonie","description":"Ecrivain","potentialAction":[{"@type":"SearchAction","target":{"@type":"EntryPoint","urlTemplate":"https:\/\/oliviersurel.com\/?s={search_term_string}"},"query-input":"required name=search_term_string"}],"inLanguage":"fr-FR"}]}},"_links":{"self":[{"href":"https:\/\/oliviersurel.com\/index.php\/wp-json\/wp\/v2\/pages\/71","targetHints":{"allow":["GET"]}}],"collection":[{"href":"https:\/\/oliviersurel.com\/index.php\/wp-json\/wp\/v2\/pages"}],"about":[{"href":"https:\/\/oliviersurel.com\/index.php\/wp-json\/wp\/v2\/types\/page"}],"author":[{"embeddable":true,"href":"https:\/\/oliviersurel.com\/index.php\/wp-json\/wp\/v2\/users\/1"}],"replies":[{"embeddable":true,"href":"https:\/\/oliviersurel.com\/index.php\/wp-json\/wp\/v2\/comments?post=71"}],"version-history":[{"count":77,"href":"https:\/\/oliviersurel.com\/index.php\/wp-json\/wp\/v2\/pages\/71\/revisions"}],"predecessor-version":[{"id":350,"href":"https:\/\/oliviersurel.com\/index.php\/wp-json\/wp\/v2\/pages\/71\/revisions\/350"}],"wp:attachment":[{"href":"https:\/\/oliviersurel.com\/index.php\/wp-json\/wp\/v2\/media?parent=71"}],"curies":[{"name":"wp","href":"https:\/\/api.w.org\/{rel}","templated":true}]}}